{"id":91,"date":"2016-01-23T14:10:58","date_gmt":"2016-01-23T13:10:58","guid":{"rendered":"http:\/\/gitedecouesle.fr\/?page_id=91"},"modified":"2016-09-16T23:11:06","modified_gmt":"2016-09-16T22:11:06","slug":"histoire-des-lieux","status":"publish","type":"page","link":"https:\/\/gitedecouesle.fr\/index.php\/le-gite\/histoire-des-lieux\/","title":{"rendered":"Histoire des lieux"},"content":{"rendered":"<p>\u00ab Le manoir actuel s\u2019\u00e9l\u00e8ve en partie sur l\u2019emplacement d\u2019un ancien ch\u00e2teau dont l\u2019importance est facilement imaginable gr\u00e2ce aux imposantes chemin\u00e9es \u00bb (Dictionnaire du patrimoine des communes du Morbihan).<br \/>\nUne r\u00e9fection importante a \u00e9t\u00e9 faite au XVII\u00e8me.<\/p>\n<p><a href=\"https:\/\/i0.wp.com\/gitedecouesle.fr\/wp-content\/uploads\/2016\/01\/DSC_4178.jpg\" rel=\"attachment wp-att-148\"><img data-recalc-dims=\"1\" loading=\"lazy\" decoding=\"async\" data-attachment-id=\"148\" data-permalink=\"https:\/\/gitedecouesle.fr\/index.php\/le-gite\/histoire-des-lieux\/dsc_4178\/\" data-orig-file=\"https:\/\/i0.wp.com\/gitedecouesle.fr\/wp-content\/uploads\/2016\/01\/DSC_4178.jpg?fit=4288%2C2848&amp;ssl=1\" data-orig-size=\"4288,2848\" data-comments-opened=\"1\" data-image-meta=\"{&quot;aperture&quot;:&quot;9&quot;,&quot;credit&quot;:&quot;&quot;,&quot;camera&quot;:&quot;NIKON D300&quot;,&quot;caption&quot;:&quot;&quot;,&quot;created_timestamp&quot;:&quot;1372787236&quot;,&quot;copyright&quot;:&quot;&quot;,&quot;focal_length&quot;:&quot;16&quot;,&quot;iso&quot;:&quot;400&quot;,&quot;shutter_speed&quot;:&quot;8&quot;,&quot;title&quot;:&quot;&quot;,&quot;orientation&quot;:&quot;1&quot;}\" data-image-title=\"DSC_4178\" data-image-description=\"\" data-image-caption=\"\" data-large-file=\"https:\/\/i0.wp.com\/gitedecouesle.fr\/wp-content\/uploads\/2016\/01\/DSC_4178.jpg?fit=900%2C598&amp;ssl=1\" class=\"aligncenter size-medium wp-image-148\" src=\"https:\/\/i0.wp.com\/gitedecouesle.fr\/wp-content\/uploads\/2016\/01\/DSC_4178.jpg?resize=300%2C199\" alt=\"DSC_4178\" width=\"300\" height=\"199\" srcset=\"https:\/\/i0.wp.com\/gitedecouesle.fr\/wp-content\/uploads\/2016\/01\/DSC_4178.jpg?resize=300%2C199&amp;ssl=1 300w, https:\/\/i0.wp.com\/gitedecouesle.fr\/wp-content\/uploads\/2016\/01\/DSC_4178.jpg?resize=768%2C510&amp;ssl=1 768w, https:\/\/i0.wp.com\/gitedecouesle.fr\/wp-content\/uploads\/2016\/01\/DSC_4178.jpg?resize=1024%2C680&amp;ssl=1 1024w, https:\/\/i0.wp.com\/gitedecouesle.fr\/wp-content\/uploads\/2016\/01\/DSC_4178.jpg?resize=226%2C150&amp;ssl=1 226w, https:\/\/i0.wp.com\/gitedecouesle.fr\/wp-content\/uploads\/2016\/01\/DSC_4178.jpg?resize=150%2C100&amp;ssl=1 150w, https:\/\/i0.wp.com\/gitedecouesle.fr\/wp-content\/uploads\/2016\/01\/DSC_4178.jpg?w=1800 1800w, https:\/\/i0.wp.com\/gitedecouesle.fr\/wp-content\/uploads\/2016\/01\/DSC_4178.jpg?w=2700 2700w\" sizes=\"auto, (max-width: 300px) 100vw, 300px\" \/><\/a><\/p>\n<p>Situ\u00e9 au c\u0153ur du pays de Redon, en Bretagne Sud, ce g\u00eete de charme du Manoir de Couesl\u00e9 est install\u00e9 dans une maison de caract\u00e8re qui f\u00fbt autrefois la pi\u00e8ce d\u2019apparat du manoir attenant o\u00f9 r\u00e9sident les propri\u00e9taires. Il fut ensuite utilis\u00e9 en tant qu\u2019\u00e9table de la ferme du manoir jusqu\u2019en 1970. La r\u00e9novation commenc\u00e9e en 1990 a permis de restituer la hauteur du manteau et les corniches d\u2019une tr\u00e8s belle chemin\u00e9e, t\u00e9moins de l\u2019importance de ce lieu de vie. Vous pourrez \u00e9galement appr\u00e9cier des \u00ab coud-assis \u00bb dans l\u2019embrasure de la fen\u00eatre.<\/p>\n<p><a href=\"https:\/\/i0.wp.com\/gitedecouesle.fr\/wp-content\/uploads\/2016\/01\/DSC_4124.jpg\" rel=\"attachment wp-att-147\"><img data-recalc-dims=\"1\" loading=\"lazy\" decoding=\"async\" data-attachment-id=\"147\" data-permalink=\"https:\/\/gitedecouesle.fr\/index.php\/le-gite\/histoire-des-lieux\/dsc_4124\/\" data-orig-file=\"https:\/\/i0.wp.com\/gitedecouesle.fr\/wp-content\/uploads\/2016\/01\/DSC_4124.jpg?fit=2848%2C4288&amp;ssl=1\" data-orig-size=\"2848,4288\" data-comments-opened=\"1\" data-image-meta=\"{&quot;aperture&quot;:&quot;3.8&quot;,&quot;credit&quot;:&quot;&quot;,&quot;camera&quot;:&quot;NIKON D300&quot;,&quot;caption&quot;:&quot;&quot;,&quot;created_timestamp&quot;:&quot;1372784091&quot;,&quot;copyright&quot;:&quot;&quot;,&quot;focal_length&quot;:&quot;20&quot;,&quot;iso&quot;:&quot;3200&quot;,&quot;shutter_speed&quot;:&quot;0.016666666666667&quot;,&quot;title&quot;:&quot;&quot;,&quot;orientation&quot;:&quot;1&quot;}\" data-image-title=\"DSC_4124\" data-image-description=\"\" data-image-caption=\"\" data-large-file=\"https:\/\/i0.wp.com\/gitedecouesle.fr\/wp-content\/uploads\/2016\/01\/DSC_4124.jpg?fit=680%2C1024&amp;ssl=1\" class=\"aligncenter size-medium wp-image-147\" src=\"https:\/\/i0.wp.com\/gitedecouesle.fr\/wp-content\/uploads\/2016\/01\/DSC_4124.jpg?resize=199%2C300\" alt=\"DSC_4124\" width=\"199\" height=\"300\" srcset=\"https:\/\/i0.wp.com\/gitedecouesle.fr\/wp-content\/uploads\/2016\/01\/DSC_4124.jpg?resize=199%2C300&amp;ssl=1 199w, https:\/\/i0.wp.com\/gitedecouesle.fr\/wp-content\/uploads\/2016\/01\/DSC_4124.jpg?resize=768%2C1156&amp;ssl=1 768w, https:\/\/i0.wp.com\/gitedecouesle.fr\/wp-content\/uploads\/2016\/01\/DSC_4124.jpg?resize=680%2C1024&amp;ssl=1 680w, https:\/\/i0.wp.com\/gitedecouesle.fr\/wp-content\/uploads\/2016\/01\/DSC_4124.jpg?resize=100%2C150&amp;ssl=1 100w, https:\/\/i0.wp.com\/gitedecouesle.fr\/wp-content\/uploads\/2016\/01\/DSC_4124.jpg?w=1800 1800w, https:\/\/i0.wp.com\/gitedecouesle.fr\/wp-content\/uploads\/2016\/01\/DSC_4124.jpg?w=2700 2700w\" sizes=\"auto, (max-width: 199px) 100vw, 199px\" \/><\/a><\/p>\n<p>Les linteaux de portes int\u00e9rieures sont \u00e0 anse de panier moulur\u00e9 avec amortis sur les pi\u00e9droits comme cela se pratiquait au XV\u00e8me si\u00e8cle.<\/p>\n<p><a href=\"https:\/\/i0.wp.com\/gitedecouesle.fr\/wp-content\/uploads\/2016\/01\/DSC_4181.jpg\" rel=\"attachment wp-att-149\"><img data-recalc-dims=\"1\" loading=\"lazy\" decoding=\"async\" data-attachment-id=\"149\" data-permalink=\"https:\/\/gitedecouesle.fr\/index.php\/le-gite\/histoire-des-lieux\/dsc_4181\/\" data-orig-file=\"https:\/\/i0.wp.com\/gitedecouesle.fr\/wp-content\/uploads\/2016\/01\/DSC_4181.jpg?fit=2848%2C4288&amp;ssl=1\" data-orig-size=\"2848,4288\" data-comments-opened=\"1\" data-image-meta=\"{&quot;aperture&quot;:&quot;9&quot;,&quot;credit&quot;:&quot;&quot;,&quot;camera&quot;:&quot;NIKON D300&quot;,&quot;caption&quot;:&quot;&quot;,&quot;created_timestamp&quot;:&quot;1372787547&quot;,&quot;copyright&quot;:&quot;&quot;,&quot;focal_length&quot;:&quot;16&quot;,&quot;iso&quot;:&quot;400&quot;,&quot;shutter_speed&quot;:&quot;6&quot;,&quot;title&quot;:&quot;&quot;,&quot;orientation&quot;:&quot;1&quot;}\" data-image-title=\"DSC_4181\" data-image-description=\"\" data-image-caption=\"\" data-large-file=\"https:\/\/i0.wp.com\/gitedecouesle.fr\/wp-content\/uploads\/2016\/01\/DSC_4181.jpg?fit=680%2C1024&amp;ssl=1\" class=\"aligncenter size-medium wp-image-149\" src=\"https:\/\/i0.wp.com\/gitedecouesle.fr\/wp-content\/uploads\/2016\/01\/DSC_4181.jpg?resize=199%2C300\" alt=\"DSC_4181\" width=\"199\" height=\"300\" srcset=\"https:\/\/i0.wp.com\/gitedecouesle.fr\/wp-content\/uploads\/2016\/01\/DSC_4181.jpg?resize=199%2C300&amp;ssl=1 199w, https:\/\/i0.wp.com\/gitedecouesle.fr\/wp-content\/uploads\/2016\/01\/DSC_4181.jpg?resize=768%2C1156&amp;ssl=1 768w, https:\/\/i0.wp.com\/gitedecouesle.fr\/wp-content\/uploads\/2016\/01\/DSC_4181.jpg?resize=680%2C1024&amp;ssl=1 680w, https:\/\/i0.wp.com\/gitedecouesle.fr\/wp-content\/uploads\/2016\/01\/DSC_4181.jpg?resize=100%2C150&amp;ssl=1 100w, https:\/\/i0.wp.com\/gitedecouesle.fr\/wp-content\/uploads\/2016\/01\/DSC_4181.jpg?w=1800 1800w, https:\/\/i0.wp.com\/gitedecouesle.fr\/wp-content\/uploads\/2016\/01\/DSC_4181.jpg?w=2700 2700w\" sizes=\"auto, (max-width: 199px) 100vw, 199px\" \/><\/a><\/p>\n<p>La porte en ogive situ\u00e9 sur la fa\u00e7ade nord du g\u00eete est un reste du 1er b\u00e2timent et doit dater du d\u00e9but XV\u00e8me ou \u00e0 la fin du XIV\u00e8me si\u00e8cle.<\/p>\n<p><a href=\"https:\/\/i0.wp.com\/gitedecouesle.fr\/wp-content\/uploads\/2016\/01\/PC080001.jpg\" rel=\"attachment wp-att-152\"><img data-recalc-dims=\"1\" loading=\"lazy\" decoding=\"async\" data-attachment-id=\"152\" data-permalink=\"https:\/\/gitedecouesle.fr\/index.php\/le-gite\/histoire-des-lieux\/pc080001\/\" data-orig-file=\"https:\/\/i0.wp.com\/gitedecouesle.fr\/wp-content\/uploads\/2016\/01\/PC080001.jpg?fit=3216%2C4288&amp;ssl=1\" data-orig-size=\"3216,4288\" data-comments-opened=\"1\" data-image-meta=\"{&quot;aperture&quot;:&quot;10.7&quot;,&quot;credit&quot;:&quot;&quot;,&quot;camera&quot;:&quot;SP-720UZ&quot;,&quot;caption&quot;:&quot;&quot;,&quot;created_timestamp&quot;:&quot;0&quot;,&quot;copyright&quot;:&quot;&quot;,&quot;focal_length&quot;:&quot;10.7&quot;,&quot;iso&quot;:&quot;0&quot;,&quot;shutter_speed&quot;:&quot;0&quot;,&quot;title&quot;:&quot;&quot;,&quot;orientation&quot;:&quot;1&quot;}\" data-image-title=\"PC080001\" data-image-description=\"\" data-image-caption=\"\" data-large-file=\"https:\/\/i0.wp.com\/gitedecouesle.fr\/wp-content\/uploads\/2016\/01\/PC080001.jpg?fit=768%2C1024&amp;ssl=1\" class=\"aligncenter size-medium wp-image-152\" src=\"https:\/\/i0.wp.com\/gitedecouesle.fr\/wp-content\/uploads\/2016\/01\/PC080001.jpg?resize=225%2C300\" alt=\"PC080001\" width=\"225\" height=\"300\" srcset=\"https:\/\/i0.wp.com\/gitedecouesle.fr\/wp-content\/uploads\/2016\/01\/PC080001.jpg?resize=225%2C300&amp;ssl=1 225w, https:\/\/i0.wp.com\/gitedecouesle.fr\/wp-content\/uploads\/2016\/01\/PC080001.jpg?resize=768%2C1024&amp;ssl=1 768w, https:\/\/i0.wp.com\/gitedecouesle.fr\/wp-content\/uploads\/2016\/01\/PC080001.jpg?resize=113%2C150&amp;ssl=1 113w, https:\/\/i0.wp.com\/gitedecouesle.fr\/wp-content\/uploads\/2016\/01\/PC080001.jpg?w=1800 1800w, https:\/\/i0.wp.com\/gitedecouesle.fr\/wp-content\/uploads\/2016\/01\/PC080001.jpg?w=2700 2700w\" sizes=\"auto, (max-width: 225px) 100vw, 225px\" \/><\/a><\/p>\n","protected":false},"excerpt":{"rendered":"<p>\u00ab Le manoir actuel s\u2019\u00e9l\u00e8ve en partie sur l\u2019emplacement d\u2019un ancien ch\u00e2teau dont l\u2019importance est facilement imaginable gr\u00e2ce aux imposantes chemin\u00e9es \u00bb (Dictionnaire du patrimoine des communes du Morbihan). Une r\u00e9fection importante a \u00e9t\u00e9 faite au XVII\u00e8me. Situ\u00e9 au c\u0153ur du pays de Redon, en Bretagne Sud, ce g\u00eete de\u2026<\/p>\n<p> <a class=\"continue-reading-link\" href=\"https:\/\/gitedecouesle.fr\/index.php\/le-gite\/histoire-des-lieux\/\"><span>Continue reading<\/span><i class=\"crycon-right-dir\"><\/i><\/a> <\/p>\n","protected":false},"author":2,"featured_media":0,"parent":7,"menu_order":0,"comment_status":"closed","ping_status":"closed","template":"","meta":{"jetpack_post_was_ever_published":false,"footnotes":""},"class_list":["post-91","page","type-page","status-publish","hentry"],"yoast_head":"<!-- This site is optimized with the Yoast SEO plugin v27.3 - https:\/\/yoast.com\/product\/yoast-seo-wordpress\/ -->\n<title>Histoire des lieux - G\u00eete de Couesl\u00e9<\/title>\n<meta name=\"robots\" content=\"index, follow, max-snippet:-1, max-image-preview:large, max-video-preview:-1\" \/>\n<link rel=\"canonical\" href=\"http:\/\/gitedecouesle.fr\/index.php\/le-gite\/histoire-des-lieux\/\" \/>\n<meta property=\"og:locale\" content=\"fr_FR\" \/>\n<meta property=\"og:type\" content=\"article\" \/>\n<meta property=\"og:title\" content=\"Histoire des lieux - G\u00eete de Couesl\u00e9\" \/>\n<meta property=\"og:description\" content=\"\u00ab Le manoir actuel s\u2019\u00e9l\u00e8ve en partie sur l\u2019emplacement d\u2019un ancien ch\u00e2teau dont l\u2019importance est facilement imaginable gr\u00e2ce aux imposantes chemin\u00e9es \u00bb (Dictionnaire du patrimoine des communes du Morbihan). Une r\u00e9fection importante a \u00e9t\u00e9 faite au XVII\u00e8me. Situ\u00e9 au c\u0153ur du pays de Redon, en Bretagne Sud, ce g\u00eete de\u2026 Continue reading\" \/>\n<meta property=\"og:url\" content=\"http:\/\/gitedecouesle.fr\/index.php\/le-gite\/histoire-des-lieux\/\" \/>\n<meta property=\"og:site_name\" content=\"G\u00eete de Couesl\u00e9\" \/>\n<meta property=\"article:modified_time\" content=\"2016-09-16T22:11:06+00:00\" \/>\n<meta property=\"og:image\" content=\"http:\/\/gitedecouesle.fr\/wp-content\/uploads\/2016\/01\/DSC_4178-300x199.jpg\" \/>\n<meta name=\"twitter:card\" content=\"summary_large_image\" \/>\n<meta name=\"twitter:label1\" content=\"Dur\u00e9e de lecture estim\u00e9e\" \/>\n\t<meta name=\"twitter:data1\" content=\"1 minute\" \/>\n<script type=\"application\/ld+json\" class=\"yoast-schema-graph\">{\"@context\":\"https:\\\/\\\/schema.org\",\"@graph\":[{\"@type\":\"WebPage\",\"@id\":\"http:\\\/\\\/gitedecouesle.fr\\\/index.php\\\/le-gite\\\/histoire-des-lieux\\\/\",\"url\":\"http:\\\/\\\/gitedecouesle.fr\\\/index.php\\\/le-gite\\\/histoire-des-lieux\\\/\",\"name\":\"Histoire des lieux - G\u00eete de Couesl\u00e9\",\"isPartOf\":{\"@id\":\"http:\\\/\\\/gitedecouesle.fr\\\/#website\"},\"primaryImageOfPage\":{\"@id\":\"http:\\\/\\\/gitedecouesle.fr\\\/index.php\\\/le-gite\\\/histoire-des-lieux\\\/#primaryimage\"},\"image\":{\"@id\":\"http:\\\/\\\/gitedecouesle.fr\\\/index.php\\\/le-gite\\\/histoire-des-lieux\\\/#primaryimage\"},\"thumbnailUrl\":\"http:\\\/\\\/gitedecouesle.fr\\\/wp-content\\\/uploads\\\/2016\\\/01\\\/DSC_4178-300x199.jpg\",\"datePublished\":\"2016-01-23T13:10:58+00:00\",\"dateModified\":\"2016-09-16T22:11:06+00:00\",\"breadcrumb\":{\"@id\":\"http:\\\/\\\/gitedecouesle.fr\\\/index.php\\\/le-gite\\\/histoire-des-lieux\\\/#breadcrumb\"},\"inLanguage\":\"fr-FR\",\"potentialAction\":[{\"@type\":\"ReadAction\",\"target\":[\"http:\\\/\\\/gitedecouesle.fr\\\/index.php\\\/le-gite\\\/histoire-des-lieux\\\/\"]}]},{\"@type\":\"ImageObject\",\"inLanguage\":\"fr-FR\",\"@id\":\"http:\\\/\\\/gitedecouesle.fr\\\/index.php\\\/le-gite\\\/histoire-des-lieux\\\/#primaryimage\",\"url\":\"https:\\\/\\\/i0.wp.com\\\/gitedecouesle.fr\\\/wp-content\\\/uploads\\\/2016\\\/01\\\/DSC_4178.jpg?fit=4288%2C2848&ssl=1\",\"contentUrl\":\"https:\\\/\\\/i0.wp.com\\\/gitedecouesle.fr\\\/wp-content\\\/uploads\\\/2016\\\/01\\\/DSC_4178.jpg?fit=4288%2C2848&ssl=1\",\"width\":4288,\"height\":2848},{\"@type\":\"BreadcrumbList\",\"@id\":\"http:\\\/\\\/gitedecouesle.fr\\\/index.php\\\/le-gite\\\/histoire-des-lieux\\\/#breadcrumb\",\"itemListElement\":[{\"@type\":\"ListItem\",\"position\":1,\"name\":\"Accueil\",\"item\":\"http:\\\/\\\/gitedecouesle.fr\\\/\"},{\"@type\":\"ListItem\",\"position\":2,\"name\":\"Le g\u00eete\",\"item\":\"http:\\\/\\\/gitedecouesle.fr\\\/index.php\\\/le-gite\\\/\"},{\"@type\":\"ListItem\",\"position\":3,\"name\":\"Histoire des lieux\"}]},{\"@type\":\"WebSite\",\"@id\":\"http:\\\/\\\/gitedecouesle.fr\\\/#website\",\"url\":\"http:\\\/\\\/gitedecouesle.fr\\\/\",\"name\":\"G\u00eete de Couesl\u00e9\",\"description\":\"Un site reposant au pays de Redon\",\"potentialAction\":[{\"@type\":\"SearchAction\",\"target\":{\"@type\":\"EntryPoint\",\"urlTemplate\":\"http:\\\/\\\/gitedecouesle.fr\\\/?s={search_term_string}\"},\"query-input\":{\"@type\":\"PropertyValueSpecification\",\"valueRequired\":true,\"valueName\":\"search_term_string\"}}],\"inLanguage\":\"fr-FR\"}]}<\/script>\n<!-- \/ Yoast SEO plugin. -->","yoast_head_json":{"title":"Histoire des lieux - G\u00eete de Couesl\u00e9","robots":{"index":"index","follow":"follow","max-snippet":"max-snippet:-1","max-image-preview":"max-image-preview:large","max-video-preview":"max-video-preview:-1"},"canonical":"http:\/\/gitedecouesle.fr\/index.php\/le-gite\/histoire-des-lieux\/","og_locale":"fr_FR","og_type":"article","og_title":"Histoire des lieux - G\u00eete de Couesl\u00e9","og_description":"\u00ab Le manoir actuel s\u2019\u00e9l\u00e8ve en partie sur l\u2019emplacement d\u2019un ancien ch\u00e2teau dont l\u2019importance est facilement imaginable gr\u00e2ce aux imposantes chemin\u00e9es \u00bb (Dictionnaire du patrimoine des communes du Morbihan). Une r\u00e9fection importante a \u00e9t\u00e9 faite au XVII\u00e8me. Situ\u00e9 au c\u0153ur du pays de Redon, en Bretagne Sud, ce g\u00eete de\u2026 Continue reading","og_url":"http:\/\/gitedecouesle.fr\/index.php\/le-gite\/histoire-des-lieux\/","og_site_name":"G\u00eete de Couesl\u00e9","article_modified_time":"2016-09-16T22:11:06+00:00","og_image":[{"url":"http:\/\/gitedecouesle.fr\/wp-content\/uploads\/2016\/01\/DSC_4178-300x199.jpg","type":"","width":"","height":""}],"twitter_card":"summary_large_image","twitter_misc":{"Dur\u00e9e de lecture estim\u00e9e":"1 minute"},"schema":{"@context":"https:\/\/schema.org","@graph":[{"@type":"WebPage","@id":"http:\/\/gitedecouesle.fr\/index.php\/le-gite\/histoire-des-lieux\/","url":"http:\/\/gitedecouesle.fr\/index.php\/le-gite\/histoire-des-lieux\/","name":"Histoire des lieux - G\u00eete de Couesl\u00e9","isPartOf":{"@id":"http:\/\/gitedecouesle.fr\/#website"},"primaryImageOfPage":{"@id":"http:\/\/gitedecouesle.fr\/index.php\/le-gite\/histoire-des-lieux\/#primaryimage"},"image":{"@id":"http:\/\/gitedecouesle.fr\/index.php\/le-gite\/histoire-des-lieux\/#primaryimage"},"thumbnailUrl":"http:\/\/gitedecouesle.fr\/wp-content\/uploads\/2016\/01\/DSC_4178-300x199.jpg","datePublished":"2016-01-23T13:10:58+00:00","dateModified":"2016-09-16T22:11:06+00:00","breadcrumb":{"@id":"http:\/\/gitedecouesle.fr\/index.php\/le-gite\/histoire-des-lieux\/#breadcrumb"},"inLanguage":"fr-FR","potentialAction":[{"@type":"ReadAction","target":["http:\/\/gitedecouesle.fr\/index.php\/le-gite\/histoire-des-lieux\/"]}]},{"@type":"ImageObject","inLanguage":"fr-FR","@id":"http:\/\/gitedecouesle.fr\/index.php\/le-gite\/histoire-des-lieux\/#primaryimage","url":"https:\/\/i0.wp.com\/gitedecouesle.fr\/wp-content\/uploads\/2016\/01\/DSC_4178.jpg?fit=4288%2C2848&ssl=1","contentUrl":"https:\/\/i0.wp.com\/gitedecouesle.fr\/wp-content\/uploads\/2016\/01\/DSC_4178.jpg?fit=4288%2C2848&ssl=1","width":4288,"height":2848},{"@type":"BreadcrumbList","@id":"http:\/\/gitedecouesle.fr\/index.php\/le-gite\/histoire-des-lieux\/#breadcrumb","itemListElement":[{"@type":"ListItem","position":1,"name":"Accueil","item":"http:\/\/gitedecouesle.fr\/"},{"@type":"ListItem","position":2,"name":"Le g\u00eete","item":"http:\/\/gitedecouesle.fr\/index.php\/le-gite\/"},{"@type":"ListItem","position":3,"name":"Histoire des lieux"}]},{"@type":"WebSite","@id":"http:\/\/gitedecouesle.fr\/#website","url":"http:\/\/gitedecouesle.fr\/","name":"G\u00eete de Couesl\u00e9","description":"Un site reposant au pays de Redon","potentialAction":[{"@type":"SearchAction","target":{"@type":"EntryPoint","urlTemplate":"http:\/\/gitedecouesle.fr\/?s={search_term_string}"},"query-input":{"@type":"PropertyValueSpecification","valueRequired":true,"valueName":"search_term_string"}}],"inLanguage":"fr-FR"}]}},"jetpack_sharing_enabled":true,"jetpack_shortlink":"https:\/\/wp.me\/P6X4BW-1t","jetpack-related-posts":[],"_links":{"self":[{"href":"https:\/\/gitedecouesle.fr\/index.php\/wp-json\/wp\/v2\/pages\/91","targetHints":{"allow":["GET"]}}],"collection":[{"href":"https:\/\/gitedecouesle.fr\/index.php\/wp-json\/wp\/v2\/pages"}],"about":[{"href":"https:\/\/gitedecouesle.fr\/index.php\/wp-json\/wp\/v2\/types\/page"}],"author":[{"embeddable":true,"href":"https:\/\/gitedecouesle.fr\/index.php\/wp-json\/wp\/v2\/users\/2"}],"replies":[{"embeddable":true,"href":"https:\/\/gitedecouesle.fr\/index.php\/wp-json\/wp\/v2\/comments?post=91"}],"version-history":[{"count":11,"href":"https:\/\/gitedecouesle.fr\/index.php\/wp-json\/wp\/v2\/pages\/91\/revisions"}],"predecessor-version":[{"id":180,"href":"https:\/\/gitedecouesle.fr\/index.php\/wp-json\/wp\/v2\/pages\/91\/revisions\/180"}],"up":[{"embeddable":true,"href":"https:\/\/gitedecouesle.fr\/index.php\/wp-json\/wp\/v2\/pages\/7"}],"wp:attachment":[{"href":"https:\/\/gitedecouesle.fr\/index.php\/wp-json\/wp\/v2\/media?parent=91"}],"curies":[{"name":"wp","href":"https:\/\/api.w.org\/{rel}","templated":true}]}}