{"id":9,"date":"2015-11-16T21:55:29","date_gmt":"2015-11-16T20:55:29","guid":{"rendered":"http:\/\/gitedecouesle.fr\/?page_id=9"},"modified":"2016-11-01T21:15:49","modified_gmt":"2016-11-01T20:15:49","slug":"accueil","status":"publish","type":"page","link":"https:\/\/gitedecouesle.fr\/","title":{"rendered":"G\u00eete de Couesl\u00e9 (Allaire 56350)"},"content":{"rendered":"<p><a href=\"https:\/\/i0.wp.com\/gitedecouesle.fr\/wp-content\/uploads\/2016\/01\/Photo_gite15.jpg\"><img data-recalc-dims=\"1\" loading=\"lazy\" decoding=\"async\" data-attachment-id=\"58\" data-permalink=\"https:\/\/gitedecouesle.fr\/index.php\/accueil\/photo_gite15\/\" data-orig-file=\"https:\/\/i0.wp.com\/gitedecouesle.fr\/wp-content\/uploads\/2016\/01\/Photo_gite15.jpg?fit=1600%2C1200&amp;ssl=1\" data-orig-size=\"1600,1200\" data-comments-opened=\"1\" data-image-meta=\"{&quot;aperture&quot;:&quot;4&quot;,&quot;credit&quot;:&quot;&quot;,&quot;camera&quot;:&quot;DMC-FX60&quot;,&quot;caption&quot;:&quot;&quot;,&quot;created_timestamp&quot;:&quot;1444584300&quot;,&quot;copyright&quot;:&quot;&quot;,&quot;focal_length&quot;:&quot;4.5&quot;,&quot;iso&quot;:&quot;80&quot;,&quot;shutter_speed&quot;:&quot;0.00625&quot;,&quot;title&quot;:&quot;&quot;,&quot;orientation&quot;:&quot;1&quot;}\" data-image-title=\"Photo_gite(15)\" data-image-description=\"\" data-image-caption=\"\" data-medium-file=\"https:\/\/i0.wp.com\/gitedecouesle.fr\/wp-content\/uploads\/2016\/01\/Photo_gite15.jpg?fit=300%2C225&amp;ssl=1\" data-large-file=\"https:\/\/i0.wp.com\/gitedecouesle.fr\/wp-content\/uploads\/2016\/01\/Photo_gite15.jpg?fit=900%2C675&amp;ssl=1\" class=\"aligncenter wp-image-58 size-large\" title=\"Maison principale du Manoir de Couesl\u00e9 et g\u00eete atenant\" src=\"https:\/\/i0.wp.com\/gitedecouesle.fr\/wp-content\/uploads\/2016\/01\/Photo_gite15.jpg?resize=900%2C675\" alt=\"G\u00eete de Couesl\u00e9 sur la commune d'Allaire\" width=\"900\" height=\"675\" srcset=\"https:\/\/i0.wp.com\/gitedecouesle.fr\/wp-content\/uploads\/2016\/01\/Photo_gite15.jpg?resize=1024%2C768&amp;ssl=1 1024w, https:\/\/i0.wp.com\/gitedecouesle.fr\/wp-content\/uploads\/2016\/01\/Photo_gite15.jpg?resize=300%2C225&amp;ssl=1 300w, https:\/\/i0.wp.com\/gitedecouesle.fr\/wp-content\/uploads\/2016\/01\/Photo_gite15.jpg?resize=200%2C150&amp;ssl=1 200w, https:\/\/i0.wp.com\/gitedecouesle.fr\/wp-content\/uploads\/2016\/01\/Photo_gite15.jpg?resize=150%2C113&amp;ssl=1 150w, https:\/\/i0.wp.com\/gitedecouesle.fr\/wp-content\/uploads\/2016\/01\/Photo_gite15.jpg?w=1600&amp;ssl=1 1600w\" sizes=\"auto, (max-width: 900px) 100vw, 900px\" \/><\/a><\/p>\n<h2 style=\"text-align: center;\">Situ\u00e9 dans la commune d&rsquo;Allaire (56350), le Manoir de Couesl\u00e9 vous accueille dans son g\u00eete au c\u0153ur du Pays de Redon.<\/h2>\n","protected":false},"excerpt":{"rendered":"<p>Situ\u00e9 dans la commune d&rsquo;Allaire (56350), le Manoir de Couesl\u00e9 vous accueille dans son g\u00eete au c\u0153ur du Pays de Redon.<\/p>\n<p> <a class=\"continue-reading-link\" href=\"https:\/\/gitedecouesle.fr\/\"><span>Continue reading<\/span><i class=\"crycon-right-dir\"><\/i><\/a> <\/p>\n","protected":false},"author":2,"featured_media":0,"parent":0,"menu_order":0,"comment_status":"closed","ping_status":"closed","template":"","meta":{"jetpack_post_was_ever_published":false,"footnotes":""},"class_list":["post-9","page","type-page","status-publish","hentry"],"yoast_head":"<!-- This site is optimized with the Yoast SEO plugin v27.2 - https:\/\/yoast.com\/product\/yoast-seo-wordpress\/ -->\n<title>G\u00eete de Couesl\u00e9 (Allaire 56350) - G\u00eete de Couesl\u00e9<\/title>\n<meta name=\"robots\" content=\"index, follow, max-snippet:-1, max-image-preview:large, max-video-preview:-1\" \/>\n<link rel=\"canonical\" href=\"http:\/\/gitedecouesle.fr\/\" \/>\n<meta property=\"og:locale\" content=\"fr_FR\" \/>\n<meta property=\"og:type\" content=\"article\" \/>\n<meta property=\"og:title\" content=\"G\u00eete de Couesl\u00e9 (Allaire 56350) - G\u00eete de Couesl\u00e9\" \/>\n<meta property=\"og:description\" content=\"Situ\u00e9 dans la commune d&rsquo;Allaire (56350), le Manoir de Couesl\u00e9 vous accueille dans son g\u00eete au c\u0153ur du Pays de Redon. Continue reading\" \/>\n<meta property=\"og:url\" content=\"http:\/\/gitedecouesle.fr\/\" \/>\n<meta property=\"og:site_name\" content=\"G\u00eete de Couesl\u00e9\" \/>\n<meta property=\"article:modified_time\" content=\"2016-11-01T20:15:49+00:00\" \/>\n<meta property=\"og:image\" content=\"http:\/\/gitedecouesle.fr\/wp-content\/uploads\/2016\/01\/Photo_gite15-1024x768.jpg\" \/>\n<meta name=\"twitter:card\" content=\"summary_large_image\" \/>\n<script type=\"application\/ld+json\" class=\"yoast-schema-graph\">{\"@context\":\"https:\/\/schema.org\",\"@graph\":[{\"@type\":\"WebPage\",\"@id\":\"http:\/\/gitedecouesle.fr\/\",\"url\":\"http:\/\/gitedecouesle.fr\/\",\"name\":\"G\u00eete de Couesl\u00e9 (Allaire 56350) - G\u00eete de Couesl\u00e9\",\"isPartOf\":{\"@id\":\"http:\/\/gitedecouesle.fr\/#website\"},\"primaryImageOfPage\":{\"@id\":\"http:\/\/gitedecouesle.fr\/#primaryimage\"},\"image\":{\"@id\":\"http:\/\/gitedecouesle.fr\/#primaryimage\"},\"thumbnailUrl\":\"http:\/\/gitedecouesle.fr\/wp-content\/uploads\/2016\/01\/Photo_gite15-1024x768.jpg\",\"datePublished\":\"2015-11-16T20:55:29+00:00\",\"dateModified\":\"2016-11-01T20:15:49+00:00\",\"breadcrumb\":{\"@id\":\"http:\/\/gitedecouesle.fr\/#breadcrumb\"},\"inLanguage\":\"fr-FR\",\"potentialAction\":[{\"@type\":\"ReadAction\",\"target\":[\"http:\/\/gitedecouesle.fr\/\"]}]},{\"@type\":\"ImageObject\",\"inLanguage\":\"fr-FR\",\"@id\":\"http:\/\/gitedecouesle.fr\/#primaryimage\",\"url\":\"https:\/\/i0.wp.com\/gitedecouesle.fr\/wp-content\/uploads\/2016\/01\/Photo_gite15.jpg?fit=1600%2C1200&ssl=1\",\"contentUrl\":\"https:\/\/i0.wp.com\/gitedecouesle.fr\/wp-content\/uploads\/2016\/01\/Photo_gite15.jpg?fit=1600%2C1200&ssl=1\",\"width\":1600,\"height\":1200},{\"@type\":\"BreadcrumbList\",\"@id\":\"http:\/\/gitedecouesle.fr\/#breadcrumb\",\"itemListElement\":[{\"@type\":\"ListItem\",\"position\":1,\"name\":\"Accueil\",\"item\":\"http:\/\/gitedecouesle.fr\/\"},{\"@type\":\"ListItem\",\"position\":2,\"name\":\"G\u00eete de Couesl\u00e9 (Allaire 56350)\"}]},{\"@type\":\"WebSite\",\"@id\":\"http:\/\/gitedecouesle.fr\/#website\",\"url\":\"http:\/\/gitedecouesle.fr\/\",\"name\":\"G\u00eete de Couesl\u00e9\",\"description\":\"Un site reposant au pays de Redon\",\"potentialAction\":[{\"@type\":\"SearchAction\",\"target\":{\"@type\":\"EntryPoint\",\"urlTemplate\":\"http:\/\/gitedecouesle.fr\/?s={search_term_string}\"},\"query-input\":{\"@type\":\"PropertyValueSpecification\",\"valueRequired\":true,\"valueName\":\"search_term_string\"}}],\"inLanguage\":\"fr-FR\"}]}<\/script>\n<!-- \/ Yoast SEO plugin. -->","yoast_head_json":{"title":"G\u00eete de Couesl\u00e9 (Allaire 56350) - G\u00eete de Couesl\u00e9","robots":{"index":"index","follow":"follow","max-snippet":"max-snippet:-1","max-image-preview":"max-image-preview:large","max-video-preview":"max-video-preview:-1"},"canonical":"http:\/\/gitedecouesle.fr\/","og_locale":"fr_FR","og_type":"article","og_title":"G\u00eete de Couesl\u00e9 (Allaire 56350) - G\u00eete de Couesl\u00e9","og_description":"Situ\u00e9 dans la commune d&rsquo;Allaire (56350), le Manoir de Couesl\u00e9 vous accueille dans son g\u00eete au c\u0153ur du Pays de Redon. Continue reading","og_url":"http:\/\/gitedecouesle.fr\/","og_site_name":"G\u00eete de Couesl\u00e9","article_modified_time":"2016-11-01T20:15:49+00:00","og_image":[{"url":"http:\/\/gitedecouesle.fr\/wp-content\/uploads\/2016\/01\/Photo_gite15-1024x768.jpg","type":"","width":"","height":""}],"twitter_card":"summary_large_image","schema":{"@context":"https:\/\/schema.org","@graph":[{"@type":"WebPage","@id":"http:\/\/gitedecouesle.fr\/","url":"http:\/\/gitedecouesle.fr\/","name":"G\u00eete de Couesl\u00e9 (Allaire 56350) - G\u00eete de Couesl\u00e9","isPartOf":{"@id":"http:\/\/gitedecouesle.fr\/#website"},"primaryImageOfPage":{"@id":"http:\/\/gitedecouesle.fr\/#primaryimage"},"image":{"@id":"http:\/\/gitedecouesle.fr\/#primaryimage"},"thumbnailUrl":"http:\/\/gitedecouesle.fr\/wp-content\/uploads\/2016\/01\/Photo_gite15-1024x768.jpg","datePublished":"2015-11-16T20:55:29+00:00","dateModified":"2016-11-01T20:15:49+00:00","breadcrumb":{"@id":"http:\/\/gitedecouesle.fr\/#breadcrumb"},"inLanguage":"fr-FR","potentialAction":[{"@type":"ReadAction","target":["http:\/\/gitedecouesle.fr\/"]}]},{"@type":"ImageObject","inLanguage":"fr-FR","@id":"http:\/\/gitedecouesle.fr\/#primaryimage","url":"https:\/\/i0.wp.com\/gitedecouesle.fr\/wp-content\/uploads\/2016\/01\/Photo_gite15.jpg?fit=1600%2C1200&ssl=1","contentUrl":"https:\/\/i0.wp.com\/gitedecouesle.fr\/wp-content\/uploads\/2016\/01\/Photo_gite15.jpg?fit=1600%2C1200&ssl=1","width":1600,"height":1200},{"@type":"BreadcrumbList","@id":"http:\/\/gitedecouesle.fr\/#breadcrumb","itemListElement":[{"@type":"ListItem","position":1,"name":"Accueil","item":"http:\/\/gitedecouesle.fr\/"},{"@type":"ListItem","position":2,"name":"G\u00eete de Couesl\u00e9 (Allaire 56350)"}]},{"@type":"WebSite","@id":"http:\/\/gitedecouesle.fr\/#website","url":"http:\/\/gitedecouesle.fr\/","name":"G\u00eete de Couesl\u00e9","description":"Un site reposant au pays de Redon","potentialAction":[{"@type":"SearchAction","target":{"@type":"EntryPoint","urlTemplate":"http:\/\/gitedecouesle.fr\/?s={search_term_string}"},"query-input":{"@type":"PropertyValueSpecification","valueRequired":true,"valueName":"search_term_string"}}],"inLanguage":"fr-FR"}]}},"jetpack_sharing_enabled":true,"jetpack_shortlink":"https:\/\/wp.me\/P6X4BW-9","jetpack-related-posts":[],"_links":{"self":[{"href":"https:\/\/gitedecouesle.fr\/index.php\/wp-json\/wp\/v2\/pages\/9","targetHints":{"allow":["GET"]}}],"collection":[{"href":"https:\/\/gitedecouesle.fr\/index.php\/wp-json\/wp\/v2\/pages"}],"about":[{"href":"https:\/\/gitedecouesle.fr\/index.php\/wp-json\/wp\/v2\/types\/page"}],"author":[{"embeddable":true,"href":"https:\/\/gitedecouesle.fr\/index.php\/wp-json\/wp\/v2\/users\/2"}],"replies":[{"embeddable":true,"href":"https:\/\/gitedecouesle.fr\/index.php\/wp-json\/wp\/v2\/comments?post=9"}],"version-history":[{"count":12,"href":"https:\/\/gitedecouesle.fr\/index.php\/wp-json\/wp\/v2\/pages\/9\/revisions"}],"predecessor-version":[{"id":216,"href":"https:\/\/gitedecouesle.fr\/index.php\/wp-json\/wp\/v2\/pages\/9\/revisions\/216"}],"wp:attachment":[{"href":"https:\/\/gitedecouesle.fr\/index.php\/wp-json\/wp\/v2\/media?parent=9"}],"curies":[{"name":"wp","href":"https:\/\/api.w.org\/{rel}","templated":true}]}}