{"id":37,"date":"2016-01-21T21:06:32","date_gmt":"2016-01-21T20:06:32","guid":{"rendered":"http:\/\/gitedecouesle.fr\/?page_id=37"},"modified":"2026-02-07T09:02:05","modified_gmt":"2026-02-07T08:02:05","slug":"tarifs","status":"publish","type":"page","link":"https:\/\/gitedecouesle.fr\/index.php\/conditions-et-reservations\/tarifs\/","title":{"rendered":"Tarifs"},"content":{"rendered":"<p><strong>Semaine (du samedi 15h au samedi 11h)<\/strong>\u00a0:<strong> \u00e0 partir de 600\u20ac. Deux nuit\u00e9es minimum.<\/strong><\/p>\n<p><strong>Week-end (du vendredi apr\u00e8s-midi au dimanche apr\u00e8s-midi)<\/strong> : <a href=\"mailto:gitedecouesle@gmail.com\">Nous consulter.<\/a><\/p>\n<p><strong>Option linge de lit pour le g\u00eete :<\/strong> 12\u20ac par lit<\/p>\n<p><strong>Option m\u00e9nage : <\/strong>80\u20ac<\/p>\n<p><strong>Vous sera demand\u00e9 une caution de 300\u20ac par ch\u00e8que au d\u00e9but du s\u00e9jour.<br \/>Si l&rsquo;option m\u00e9nage n&rsquo;est pas souscrite, une caution m\u00e9nage de 80\u20ac vous sera aussi demand\u00e9e par ch\u00e8que au d\u00e9but du s\u00e9jour.<\/strong><\/p>\n\n","protected":false},"excerpt":{"rendered":"<p>Semaine (du samedi 15h au samedi 11h)\u00a0: \u00e0 partir de 600\u20ac. Deux nuit\u00e9es minimum. Week-end (du vendredi apr\u00e8s-midi au dimanche apr\u00e8s-midi) : Nous consulter. Option linge de lit pour le g\u00eete : 12\u20ac par lit Option m\u00e9nage : 80\u20ac Vous sera demand\u00e9 une caution de 300\u20ac par ch\u00e8que au d\u00e9but\u2026<\/p>\n<p> <a class=\"continue-reading-link\" href=\"https:\/\/gitedecouesle.fr\/index.php\/conditions-et-reservations\/tarifs\/\"><span>Continue reading<\/span><i class=\"crycon-right-dir\"><\/i><\/a> <\/p>\n","protected":false},"author":2,"featured_media":0,"parent":120,"menu_order":0,"comment_status":"closed","ping_status":"closed","template":"","meta":{"jetpack_post_was_ever_published":false,"footnotes":""},"class_list":["post-37","page","type-page","status-publish","hentry"],"yoast_head":"<!-- This site is optimized with the Yoast SEO plugin v27.4 - https:\/\/yoast.com\/product\/yoast-seo-wordpress\/ -->\n<title>Tarifs - G\u00eete de Couesl\u00e9<\/title>\n<meta name=\"robots\" content=\"index, follow, max-snippet:-1, max-image-preview:large, max-video-preview:-1\" \/>\n<link rel=\"canonical\" href=\"https:\/\/gitedecouesle.fr\/index.php\/conditions-et-reservations\/tarifs\/\" \/>\n<meta property=\"og:locale\" content=\"fr_FR\" \/>\n<meta property=\"og:type\" content=\"article\" \/>\n<meta property=\"og:title\" content=\"Tarifs - G\u00eete de Couesl\u00e9\" \/>\n<meta property=\"og:description\" content=\"Semaine (du samedi 15h au samedi 11h)\u00a0: \u00e0 partir de 600\u20ac. Deux nuit\u00e9es minimum. Week-end (du vendredi apr\u00e8s-midi au dimanche apr\u00e8s-midi) : Nous consulter. Option linge de lit pour le g\u00eete : 12\u20ac par lit Option m\u00e9nage : 80\u20ac Vous sera demand\u00e9 une caution de 300\u20ac par ch\u00e8que au d\u00e9but\u2026 Continue reading\" \/>\n<meta property=\"og:url\" content=\"https:\/\/gitedecouesle.fr\/index.php\/conditions-et-reservations\/tarifs\/\" \/>\n<meta property=\"og:site_name\" content=\"G\u00eete de Couesl\u00e9\" \/>\n<meta property=\"article:modified_time\" content=\"2026-02-07T08:02:05+00:00\" \/>\n<meta name=\"twitter:card\" content=\"summary_large_image\" \/>\n<meta name=\"twitter:label1\" content=\"Dur\u00e9e de lecture estim\u00e9e\" \/>\n\t<meta name=\"twitter:data1\" content=\"1 minute\" \/>\n<script type=\"application\/ld+json\" class=\"yoast-schema-graph\">{\"@context\":\"https:\\\/\\\/schema.org\",\"@graph\":[{\"@type\":\"WebPage\",\"@id\":\"https:\\\/\\\/gitedecouesle.fr\\\/index.php\\\/conditions-et-reservations\\\/tarifs\\\/\",\"url\":\"https:\\\/\\\/gitedecouesle.fr\\\/index.php\\\/conditions-et-reservations\\\/tarifs\\\/\",\"name\":\"Tarifs - G\u00eete de Couesl\u00e9\",\"isPartOf\":{\"@id\":\"http:\\\/\\\/gitedecouesle.fr\\\/#website\"},\"datePublished\":\"2016-01-21T20:06:32+00:00\",\"dateModified\":\"2026-02-07T08:02:05+00:00\",\"breadcrumb\":{\"@id\":\"https:\\\/\\\/gitedecouesle.fr\\\/index.php\\\/conditions-et-reservations\\\/tarifs\\\/#breadcrumb\"},\"inLanguage\":\"fr-FR\",\"potentialAction\":[{\"@type\":\"ReadAction\",\"target\":[\"https:\\\/\\\/gitedecouesle.fr\\\/index.php\\\/conditions-et-reservations\\\/tarifs\\\/\"]}]},{\"@type\":\"BreadcrumbList\",\"@id\":\"https:\\\/\\\/gitedecouesle.fr\\\/index.php\\\/conditions-et-reservations\\\/tarifs\\\/#breadcrumb\",\"itemListElement\":[{\"@type\":\"ListItem\",\"position\":1,\"name\":\"Accueil\",\"item\":\"http:\\\/\\\/gitedecouesle.fr\\\/\"},{\"@type\":\"ListItem\",\"position\":2,\"name\":\"Conditions et r\u00e9servations\",\"item\":\"http:\\\/\\\/gitedecouesle.fr\\\/index.php\\\/conditions-et-reservations\\\/\"},{\"@type\":\"ListItem\",\"position\":3,\"name\":\"Tarifs\"}]},{\"@type\":\"WebSite\",\"@id\":\"http:\\\/\\\/gitedecouesle.fr\\\/#website\",\"url\":\"http:\\\/\\\/gitedecouesle.fr\\\/\",\"name\":\"G\u00eete de Couesl\u00e9\",\"description\":\"Un site reposant au pays de Redon\",\"potentialAction\":[{\"@type\":\"SearchAction\",\"target\":{\"@type\":\"EntryPoint\",\"urlTemplate\":\"http:\\\/\\\/gitedecouesle.fr\\\/?s={search_term_string}\"},\"query-input\":{\"@type\":\"PropertyValueSpecification\",\"valueRequired\":true,\"valueName\":\"search_term_string\"}}],\"inLanguage\":\"fr-FR\"}]}<\/script>\n<!-- \/ Yoast SEO plugin. -->","yoast_head_json":{"title":"Tarifs - G\u00eete de Couesl\u00e9","robots":{"index":"index","follow":"follow","max-snippet":"max-snippet:-1","max-image-preview":"max-image-preview:large","max-video-preview":"max-video-preview:-1"},"canonical":"https:\/\/gitedecouesle.fr\/index.php\/conditions-et-reservations\/tarifs\/","og_locale":"fr_FR","og_type":"article","og_title":"Tarifs - G\u00eete de Couesl\u00e9","og_description":"Semaine (du samedi 15h au samedi 11h)\u00a0: \u00e0 partir de 600\u20ac. Deux nuit\u00e9es minimum. Week-end (du vendredi apr\u00e8s-midi au dimanche apr\u00e8s-midi) : Nous consulter. Option linge de lit pour le g\u00eete : 12\u20ac par lit Option m\u00e9nage : 80\u20ac Vous sera demand\u00e9 une caution de 300\u20ac par ch\u00e8que au d\u00e9but\u2026 Continue reading","og_url":"https:\/\/gitedecouesle.fr\/index.php\/conditions-et-reservations\/tarifs\/","og_site_name":"G\u00eete de Couesl\u00e9","article_modified_time":"2026-02-07T08:02:05+00:00","twitter_card":"summary_large_image","twitter_misc":{"Dur\u00e9e de lecture estim\u00e9e":"1 minute"},"schema":{"@context":"https:\/\/schema.org","@graph":[{"@type":"WebPage","@id":"https:\/\/gitedecouesle.fr\/index.php\/conditions-et-reservations\/tarifs\/","url":"https:\/\/gitedecouesle.fr\/index.php\/conditions-et-reservations\/tarifs\/","name":"Tarifs - G\u00eete de Couesl\u00e9","isPartOf":{"@id":"http:\/\/gitedecouesle.fr\/#website"},"datePublished":"2016-01-21T20:06:32+00:00","dateModified":"2026-02-07T08:02:05+00:00","breadcrumb":{"@id":"https:\/\/gitedecouesle.fr\/index.php\/conditions-et-reservations\/tarifs\/#breadcrumb"},"inLanguage":"fr-FR","potentialAction":[{"@type":"ReadAction","target":["https:\/\/gitedecouesle.fr\/index.php\/conditions-et-reservations\/tarifs\/"]}]},{"@type":"BreadcrumbList","@id":"https:\/\/gitedecouesle.fr\/index.php\/conditions-et-reservations\/tarifs\/#breadcrumb","itemListElement":[{"@type":"ListItem","position":1,"name":"Accueil","item":"http:\/\/gitedecouesle.fr\/"},{"@type":"ListItem","position":2,"name":"Conditions et r\u00e9servations","item":"http:\/\/gitedecouesle.fr\/index.php\/conditions-et-reservations\/"},{"@type":"ListItem","position":3,"name":"Tarifs"}]},{"@type":"WebSite","@id":"http:\/\/gitedecouesle.fr\/#website","url":"http:\/\/gitedecouesle.fr\/","name":"G\u00eete de Couesl\u00e9","description":"Un site reposant au pays de Redon","potentialAction":[{"@type":"SearchAction","target":{"@type":"EntryPoint","urlTemplate":"http:\/\/gitedecouesle.fr\/?s={search_term_string}"},"query-input":{"@type":"PropertyValueSpecification","valueRequired":true,"valueName":"search_term_string"}}],"inLanguage":"fr-FR"}]}},"jetpack_sharing_enabled":true,"jetpack_shortlink":"https:\/\/wp.me\/P6X4BW-B","jetpack-related-posts":[],"_links":{"self":[{"href":"https:\/\/gitedecouesle.fr\/index.php\/wp-json\/wp\/v2\/pages\/37","targetHints":{"allow":["GET"]}}],"collection":[{"href":"https:\/\/gitedecouesle.fr\/index.php\/wp-json\/wp\/v2\/pages"}],"about":[{"href":"https:\/\/gitedecouesle.fr\/index.php\/wp-json\/wp\/v2\/types\/page"}],"author":[{"embeddable":true,"href":"https:\/\/gitedecouesle.fr\/index.php\/wp-json\/wp\/v2\/users\/2"}],"replies":[{"embeddable":true,"href":"https:\/\/gitedecouesle.fr\/index.php\/wp-json\/wp\/v2\/comments?post=37"}],"version-history":[{"count":11,"href":"https:\/\/gitedecouesle.fr\/index.php\/wp-json\/wp\/v2\/pages\/37\/revisions"}],"predecessor-version":[{"id":291,"href":"https:\/\/gitedecouesle.fr\/index.php\/wp-json\/wp\/v2\/pages\/37\/revisions\/291"}],"up":[{"embeddable":true,"href":"https:\/\/gitedecouesle.fr\/index.php\/wp-json\/wp\/v2\/pages\/120"}],"wp:attachment":[{"href":"https:\/\/gitedecouesle.fr\/index.php\/wp-json\/wp\/v2\/media?parent=37"}],"curies":[{"name":"wp","href":"https:\/\/api.w.org\/{rel}","templated":true}]}}