{"id":33,"date":"2016-01-21T21:05:56","date_gmt":"2016-01-21T20:05:56","guid":{"rendered":"http:\/\/gitedecouesle.fr\/?page_id=33"},"modified":"2020-07-19T17:00:57","modified_gmt":"2020-07-19T16:00:57","slug":"equipements","status":"publish","type":"page","link":"https:\/\/gitedecouesle.fr\/index.php\/le-gite\/equipements\/","title":{"rendered":"Equipements"},"content":{"rendered":"<p><span style=\"text-decoration: underline;\"><strong>Cuisine<\/strong><\/span><br \/>\nGazini\u00e8re gaz-\u00e9lectrique<br \/>\nCafeti\u00e8res<br \/>\nLave vaisselle<br \/>\nBouilloire<br \/>\nFour \u00e9lectrique<br \/>\nFour micro-ondes<br \/>\nGrille pain<br \/>\nFrigidaire-cong\u00e9lateur<br \/>\nChauffe biberon<\/p>\n<p><span style=\"text-decoration: underline;\"><strong>Audio-visuel<\/strong><\/span><br \/>\nT\u00e9l\u00e9vision TNT<br \/>\nLecteur DVD<br \/>\nRadio<\/p>\n<p><span style=\"text-decoration: underline;\"><strong>Linge<\/strong><\/span><br \/>\nLave linge<br \/>\nFil \u00e0 linge<br \/>\nFer \u00e0 repasser<\/p>\n<p><span style=\"text-decoration: underline;\"><strong>Autres<\/strong><\/span><br \/>\nBandes dessin\u00e9es<br \/>\nMat\u00e9riel de jardin<br \/>\nBarbecue<br \/>\nS\u00e8che cheveux<\/p>\n","protected":false},"excerpt":{"rendered":"<p>Cuisine Gazini\u00e8re gaz-\u00e9lectrique Cafeti\u00e8res Lave vaisselle Bouilloire Four \u00e9lectrique Four micro-ondes Grille pain Frigidaire-cong\u00e9lateur Chauffe biberon Audio-visuel T\u00e9l\u00e9vision TNT Lecteur DVD Radio Linge Lave linge Fil \u00e0 linge Fer \u00e0 repasser Autres Bandes dessin\u00e9es Mat\u00e9riel de jardin Barbecue S\u00e8che cheveux<\/p>\n<p> <a class=\"continue-reading-link\" href=\"https:\/\/gitedecouesle.fr\/index.php\/le-gite\/equipements\/\"><span>Continue reading<\/span><i class=\"crycon-right-dir\"><\/i><\/a> <\/p>\n","protected":false},"author":2,"featured_media":0,"parent":7,"menu_order":0,"comment_status":"closed","ping_status":"closed","template":"","meta":{"footnotes":""},"class_list":["post-33","page","type-page","status-publish","hentry"],"yoast_head":"<!-- This site is optimized with the Yoast SEO plugin v27.5 - https:\/\/yoast.com\/product\/yoast-seo-wordpress\/ -->\n<title>Equipements - G\u00eete de Couesl\u00e9<\/title>\n<meta name=\"robots\" content=\"index, follow, max-snippet:-1, max-image-preview:large, max-video-preview:-1\" \/>\n<link rel=\"canonical\" href=\"http:\/\/gitedecouesle.fr\/index.php\/le-gite\/equipements\/\" \/>\n<meta property=\"og:locale\" content=\"fr_FR\" \/>\n<meta property=\"og:type\" content=\"article\" \/>\n<meta property=\"og:title\" content=\"Equipements - G\u00eete de Couesl\u00e9\" \/>\n<meta property=\"og:description\" content=\"Cuisine Gazini\u00e8re gaz-\u00e9lectrique Cafeti\u00e8res Lave vaisselle Bouilloire Four \u00e9lectrique Four micro-ondes Grille pain Frigidaire-cong\u00e9lateur Chauffe biberon Audio-visuel T\u00e9l\u00e9vision TNT Lecteur DVD Radio Linge Lave linge Fil \u00e0 linge Fer \u00e0 repasser Autres Bandes dessin\u00e9es Mat\u00e9riel de jardin Barbecue S\u00e8che cheveux Continue reading\" \/>\n<meta property=\"og:url\" content=\"http:\/\/gitedecouesle.fr\/index.php\/le-gite\/equipements\/\" \/>\n<meta property=\"og:site_name\" content=\"G\u00eete de Couesl\u00e9\" \/>\n<meta property=\"article:modified_time\" content=\"2020-07-19T16:00:57+00:00\" \/>\n<meta name=\"twitter:card\" content=\"summary_large_image\" \/>\n<script type=\"application\/ld+json\" class=\"yoast-schema-graph\">{\"@context\":\"https:\\\/\\\/schema.org\",\"@graph\":[{\"@type\":\"WebPage\",\"@id\":\"http:\\\/\\\/gitedecouesle.fr\\\/index.php\\\/le-gite\\\/equipements\\\/\",\"url\":\"http:\\\/\\\/gitedecouesle.fr\\\/index.php\\\/le-gite\\\/equipements\\\/\",\"name\":\"Equipements - G\u00eete de Couesl\u00e9\",\"isPartOf\":{\"@id\":\"http:\\\/\\\/gitedecouesle.fr\\\/#website\"},\"datePublished\":\"2016-01-21T20:05:56+00:00\",\"dateModified\":\"2020-07-19T16:00:57+00:00\",\"breadcrumb\":{\"@id\":\"http:\\\/\\\/gitedecouesle.fr\\\/index.php\\\/le-gite\\\/equipements\\\/#breadcrumb\"},\"inLanguage\":\"fr-FR\",\"potentialAction\":[{\"@type\":\"ReadAction\",\"target\":[\"http:\\\/\\\/gitedecouesle.fr\\\/index.php\\\/le-gite\\\/equipements\\\/\"]}]},{\"@type\":\"BreadcrumbList\",\"@id\":\"http:\\\/\\\/gitedecouesle.fr\\\/index.php\\\/le-gite\\\/equipements\\\/#breadcrumb\",\"itemListElement\":[{\"@type\":\"ListItem\",\"position\":1,\"name\":\"Accueil\",\"item\":\"http:\\\/\\\/gitedecouesle.fr\\\/\"},{\"@type\":\"ListItem\",\"position\":2,\"name\":\"Le g\u00eete\",\"item\":\"http:\\\/\\\/gitedecouesle.fr\\\/index.php\\\/le-gite\\\/\"},{\"@type\":\"ListItem\",\"position\":3,\"name\":\"Equipements\"}]},{\"@type\":\"WebSite\",\"@id\":\"http:\\\/\\\/gitedecouesle.fr\\\/#website\",\"url\":\"http:\\\/\\\/gitedecouesle.fr\\\/\",\"name\":\"G\u00eete de Couesl\u00e9\",\"description\":\"Un site reposant au pays de Redon\",\"potentialAction\":[{\"@type\":\"SearchAction\",\"target\":{\"@type\":\"EntryPoint\",\"urlTemplate\":\"http:\\\/\\\/gitedecouesle.fr\\\/?s={search_term_string}\"},\"query-input\":{\"@type\":\"PropertyValueSpecification\",\"valueRequired\":true,\"valueName\":\"search_term_string\"}}],\"inLanguage\":\"fr-FR\"}]}<\/script>\n<!-- \/ Yoast SEO plugin. -->","yoast_head_json":{"title":"Equipements - G\u00eete de Couesl\u00e9","robots":{"index":"index","follow":"follow","max-snippet":"max-snippet:-1","max-image-preview":"max-image-preview:large","max-video-preview":"max-video-preview:-1"},"canonical":"http:\/\/gitedecouesle.fr\/index.php\/le-gite\/equipements\/","og_locale":"fr_FR","og_type":"article","og_title":"Equipements - G\u00eete de Couesl\u00e9","og_description":"Cuisine Gazini\u00e8re gaz-\u00e9lectrique Cafeti\u00e8res Lave vaisselle Bouilloire Four \u00e9lectrique Four micro-ondes Grille pain Frigidaire-cong\u00e9lateur Chauffe biberon Audio-visuel T\u00e9l\u00e9vision TNT Lecteur DVD Radio Linge Lave linge Fil \u00e0 linge Fer \u00e0 repasser Autres Bandes dessin\u00e9es Mat\u00e9riel de jardin Barbecue S\u00e8che cheveux Continue reading","og_url":"http:\/\/gitedecouesle.fr\/index.php\/le-gite\/equipements\/","og_site_name":"G\u00eete de Couesl\u00e9","article_modified_time":"2020-07-19T16:00:57+00:00","twitter_card":"summary_large_image","schema":{"@context":"https:\/\/schema.org","@graph":[{"@type":"WebPage","@id":"http:\/\/gitedecouesle.fr\/index.php\/le-gite\/equipements\/","url":"http:\/\/gitedecouesle.fr\/index.php\/le-gite\/equipements\/","name":"Equipements - G\u00eete de Couesl\u00e9","isPartOf":{"@id":"http:\/\/gitedecouesle.fr\/#website"},"datePublished":"2016-01-21T20:05:56+00:00","dateModified":"2020-07-19T16:00:57+00:00","breadcrumb":{"@id":"http:\/\/gitedecouesle.fr\/index.php\/le-gite\/equipements\/#breadcrumb"},"inLanguage":"fr-FR","potentialAction":[{"@type":"ReadAction","target":["http:\/\/gitedecouesle.fr\/index.php\/le-gite\/equipements\/"]}]},{"@type":"BreadcrumbList","@id":"http:\/\/gitedecouesle.fr\/index.php\/le-gite\/equipements\/#breadcrumb","itemListElement":[{"@type":"ListItem","position":1,"name":"Accueil","item":"http:\/\/gitedecouesle.fr\/"},{"@type":"ListItem","position":2,"name":"Le g\u00eete","item":"http:\/\/gitedecouesle.fr\/index.php\/le-gite\/"},{"@type":"ListItem","position":3,"name":"Equipements"}]},{"@type":"WebSite","@id":"http:\/\/gitedecouesle.fr\/#website","url":"http:\/\/gitedecouesle.fr\/","name":"G\u00eete de Couesl\u00e9","description":"Un site reposant au pays de Redon","potentialAction":[{"@type":"SearchAction","target":{"@type":"EntryPoint","urlTemplate":"http:\/\/gitedecouesle.fr\/?s={search_term_string}"},"query-input":{"@type":"PropertyValueSpecification","valueRequired":true,"valueName":"search_term_string"}}],"inLanguage":"fr-FR"}]}},"jetpack_sharing_enabled":true,"jetpack_shortlink":"https:\/\/wp.me\/P6X4BW-x","jetpack-related-posts":[],"_links":{"self":[{"href":"https:\/\/gitedecouesle.fr\/index.php\/wp-json\/wp\/v2\/pages\/33","targetHints":{"allow":["GET"]}}],"collection":[{"href":"https:\/\/gitedecouesle.fr\/index.php\/wp-json\/wp\/v2\/pages"}],"about":[{"href":"https:\/\/gitedecouesle.fr\/index.php\/wp-json\/wp\/v2\/types\/page"}],"author":[{"embeddable":true,"href":"https:\/\/gitedecouesle.fr\/index.php\/wp-json\/wp\/v2\/users\/2"}],"replies":[{"embeddable":true,"href":"https:\/\/gitedecouesle.fr\/index.php\/wp-json\/wp\/v2\/comments?post=33"}],"version-history":[{"count":3,"href":"https:\/\/gitedecouesle.fr\/index.php\/wp-json\/wp\/v2\/pages\/33\/revisions"}],"predecessor-version":[{"id":270,"href":"https:\/\/gitedecouesle.fr\/index.php\/wp-json\/wp\/v2\/pages\/33\/revisions\/270"}],"up":[{"embeddable":true,"href":"https:\/\/gitedecouesle.fr\/index.php\/wp-json\/wp\/v2\/pages\/7"}],"wp:attachment":[{"href":"https:\/\/gitedecouesle.fr\/index.php\/wp-json\/wp\/v2\/media?parent=33"}],"curies":[{"name":"wp","href":"https:\/\/api.w.org\/{rel}","templated":true}]}}