{"id":112,"date":"2016-01-23T14:26:49","date_gmt":"2016-01-23T13:26:49","guid":{"rendered":"http:\/\/gitedecouesle.fr\/?page_id=112"},"modified":"2016-09-16T23:11:06","modified_gmt":"2016-09-16T22:11:06","slug":"nos-coordonnees","status":"publish","type":"page","link":"https:\/\/gitedecouesle.fr\/index.php\/contact\/nos-coordonnees\/","title":{"rendered":"Nos coordonn\u00e9es"},"content":{"rendered":"<p><strong>Nom:<\/strong> L\u00e9a et Jean-Lou LEBRUN<\/p>\n<p><strong>Adresse:<\/strong> Manoir de Couesl\u00e9 &#8211; 56350 ALLAIRE<\/p>\n<p><strong>Mail:<\/strong> <a href=\"mailto:gitedecouesle@gmail.com\">gitedecouesle@gmail.com<\/a><\/p>\n<p><strong>Tel:<\/strong> 06.87.35.91.32<\/p>\n<p><strong><a href=\"http:\/\/gitedecouesle.fr\/index.php\/contact\/\">Formulaire de contact<\/a><\/strong><\/p>\n","protected":false},"excerpt":{"rendered":"<p>Nom: L\u00e9a et Jean-Lou LEBRUN Adresse: Manoir de Couesl\u00e9 &#8211; 56350 ALLAIRE Mail: gitedecouesle@gmail.com Tel: 06.87.35.91.32 Formulaire de contact<\/p>\n<p> <a class=\"continue-reading-link\" href=\"https:\/\/gitedecouesle.fr\/index.php\/contact\/nos-coordonnees\/\"><span>Continue reading<\/span><i class=\"crycon-right-dir\"><\/i><\/a> <\/p>\n","protected":false},"author":2,"featured_media":0,"parent":5,"menu_order":0,"comment_status":"closed","ping_status":"closed","template":"","meta":{"jetpack_post_was_ever_published":false,"footnotes":""},"class_list":["post-112","page","type-page","status-publish","hentry"],"yoast_head":"<!-- This site is optimized with the Yoast SEO plugin v27.4 - https:\/\/yoast.com\/product\/yoast-seo-wordpress\/ -->\n<title>Nos coordonn\u00e9es - G\u00eete de Couesl\u00e9<\/title>\n<meta name=\"robots\" content=\"index, follow, max-snippet:-1, max-image-preview:large, max-video-preview:-1\" \/>\n<link rel=\"canonical\" href=\"http:\/\/gitedecouesle.fr\/index.php\/contact\/nos-coordonnees\/\" \/>\n<meta property=\"og:locale\" content=\"fr_FR\" \/>\n<meta property=\"og:type\" content=\"article\" \/>\n<meta property=\"og:title\" content=\"Nos coordonn\u00e9es - G\u00eete de Couesl\u00e9\" \/>\n<meta property=\"og:description\" content=\"Nom: L\u00e9a et Jean-Lou LEBRUN Adresse: Manoir de Couesl\u00e9 &#8211; 56350 ALLAIRE Mail: gitedecouesle@gmail.com Tel: 06.87.35.91.32 Formulaire de contact Continue reading\" \/>\n<meta property=\"og:url\" content=\"http:\/\/gitedecouesle.fr\/index.php\/contact\/nos-coordonnees\/\" \/>\n<meta property=\"og:site_name\" content=\"G\u00eete de Couesl\u00e9\" \/>\n<meta property=\"article:modified_time\" content=\"2016-09-16T22:11:06+00:00\" \/>\n<meta name=\"twitter:card\" content=\"summary_large_image\" \/>\n<script type=\"application\/ld+json\" class=\"yoast-schema-graph\">{\"@context\":\"https:\\\/\\\/schema.org\",\"@graph\":[{\"@type\":\"WebPage\",\"@id\":\"http:\\\/\\\/gitedecouesle.fr\\\/index.php\\\/contact\\\/nos-coordonnees\\\/\",\"url\":\"http:\\\/\\\/gitedecouesle.fr\\\/index.php\\\/contact\\\/nos-coordonnees\\\/\",\"name\":\"Nos coordonn\u00e9es - G\u00eete de Couesl\u00e9\",\"isPartOf\":{\"@id\":\"http:\\\/\\\/gitedecouesle.fr\\\/#website\"},\"datePublished\":\"2016-01-23T13:26:49+00:00\",\"dateModified\":\"2016-09-16T22:11:06+00:00\",\"breadcrumb\":{\"@id\":\"http:\\\/\\\/gitedecouesle.fr\\\/index.php\\\/contact\\\/nos-coordonnees\\\/#breadcrumb\"},\"inLanguage\":\"fr-FR\",\"potentialAction\":[{\"@type\":\"ReadAction\",\"target\":[\"http:\\\/\\\/gitedecouesle.fr\\\/index.php\\\/contact\\\/nos-coordonnees\\\/\"]}]},{\"@type\":\"BreadcrumbList\",\"@id\":\"http:\\\/\\\/gitedecouesle.fr\\\/index.php\\\/contact\\\/nos-coordonnees\\\/#breadcrumb\",\"itemListElement\":[{\"@type\":\"ListItem\",\"position\":1,\"name\":\"Accueil\",\"item\":\"http:\\\/\\\/gitedecouesle.fr\\\/\"},{\"@type\":\"ListItem\",\"position\":2,\"name\":\"Contact\",\"item\":\"http:\\\/\\\/gitedecouesle.fr\\\/index.php\\\/contact\\\/\"},{\"@type\":\"ListItem\",\"position\":3,\"name\":\"Nos coordonn\u00e9es\"}]},{\"@type\":\"WebSite\",\"@id\":\"http:\\\/\\\/gitedecouesle.fr\\\/#website\",\"url\":\"http:\\\/\\\/gitedecouesle.fr\\\/\",\"name\":\"G\u00eete de Couesl\u00e9\",\"description\":\"Un site reposant au pays de Redon\",\"potentialAction\":[{\"@type\":\"SearchAction\",\"target\":{\"@type\":\"EntryPoint\",\"urlTemplate\":\"http:\\\/\\\/gitedecouesle.fr\\\/?s={search_term_string}\"},\"query-input\":{\"@type\":\"PropertyValueSpecification\",\"valueRequired\":true,\"valueName\":\"search_term_string\"}}],\"inLanguage\":\"fr-FR\"}]}<\/script>\n<!-- \/ Yoast SEO plugin. -->","yoast_head_json":{"title":"Nos coordonn\u00e9es - G\u00eete de Couesl\u00e9","robots":{"index":"index","follow":"follow","max-snippet":"max-snippet:-1","max-image-preview":"max-image-preview:large","max-video-preview":"max-video-preview:-1"},"canonical":"http:\/\/gitedecouesle.fr\/index.php\/contact\/nos-coordonnees\/","og_locale":"fr_FR","og_type":"article","og_title":"Nos coordonn\u00e9es - G\u00eete de Couesl\u00e9","og_description":"Nom: L\u00e9a et Jean-Lou LEBRUN Adresse: Manoir de Couesl\u00e9 &#8211; 56350 ALLAIRE Mail: gitedecouesle@gmail.com Tel: 06.87.35.91.32 Formulaire de contact Continue reading","og_url":"http:\/\/gitedecouesle.fr\/index.php\/contact\/nos-coordonnees\/","og_site_name":"G\u00eete de Couesl\u00e9","article_modified_time":"2016-09-16T22:11:06+00:00","twitter_card":"summary_large_image","schema":{"@context":"https:\/\/schema.org","@graph":[{"@type":"WebPage","@id":"http:\/\/gitedecouesle.fr\/index.php\/contact\/nos-coordonnees\/","url":"http:\/\/gitedecouesle.fr\/index.php\/contact\/nos-coordonnees\/","name":"Nos coordonn\u00e9es - G\u00eete de Couesl\u00e9","isPartOf":{"@id":"http:\/\/gitedecouesle.fr\/#website"},"datePublished":"2016-01-23T13:26:49+00:00","dateModified":"2016-09-16T22:11:06+00:00","breadcrumb":{"@id":"http:\/\/gitedecouesle.fr\/index.php\/contact\/nos-coordonnees\/#breadcrumb"},"inLanguage":"fr-FR","potentialAction":[{"@type":"ReadAction","target":["http:\/\/gitedecouesle.fr\/index.php\/contact\/nos-coordonnees\/"]}]},{"@type":"BreadcrumbList","@id":"http:\/\/gitedecouesle.fr\/index.php\/contact\/nos-coordonnees\/#breadcrumb","itemListElement":[{"@type":"ListItem","position":1,"name":"Accueil","item":"http:\/\/gitedecouesle.fr\/"},{"@type":"ListItem","position":2,"name":"Contact","item":"http:\/\/gitedecouesle.fr\/index.php\/contact\/"},{"@type":"ListItem","position":3,"name":"Nos coordonn\u00e9es"}]},{"@type":"WebSite","@id":"http:\/\/gitedecouesle.fr\/#website","url":"http:\/\/gitedecouesle.fr\/","name":"G\u00eete de Couesl\u00e9","description":"Un site reposant au pays de Redon","potentialAction":[{"@type":"SearchAction","target":{"@type":"EntryPoint","urlTemplate":"http:\/\/gitedecouesle.fr\/?s={search_term_string}"},"query-input":{"@type":"PropertyValueSpecification","valueRequired":true,"valueName":"search_term_string"}}],"inLanguage":"fr-FR"}]}},"jetpack_sharing_enabled":true,"jetpack_shortlink":"https:\/\/wp.me\/P6X4BW-1O","jetpack-related-posts":[],"_links":{"self":[{"href":"https:\/\/gitedecouesle.fr\/index.php\/wp-json\/wp\/v2\/pages\/112","targetHints":{"allow":["GET"]}}],"collection":[{"href":"https:\/\/gitedecouesle.fr\/index.php\/wp-json\/wp\/v2\/pages"}],"about":[{"href":"https:\/\/gitedecouesle.fr\/index.php\/wp-json\/wp\/v2\/types\/page"}],"author":[{"embeddable":true,"href":"https:\/\/gitedecouesle.fr\/index.php\/wp-json\/wp\/v2\/users\/2"}],"replies":[{"embeddable":true,"href":"https:\/\/gitedecouesle.fr\/index.php\/wp-json\/wp\/v2\/comments?post=112"}],"version-history":[{"count":8,"href":"https:\/\/gitedecouesle.fr\/index.php\/wp-json\/wp\/v2\/pages\/112\/revisions"}],"predecessor-version":[{"id":189,"href":"https:\/\/gitedecouesle.fr\/index.php\/wp-json\/wp\/v2\/pages\/112\/revisions\/189"}],"up":[{"embeddable":true,"href":"https:\/\/gitedecouesle.fr\/index.php\/wp-json\/wp\/v2\/pages\/5"}],"wp:attachment":[{"href":"https:\/\/gitedecouesle.fr\/index.php\/wp-json\/wp\/v2\/media?parent=112"}],"curies":[{"name":"wp","href":"https:\/\/api.w.org\/{rel}","templated":true}]}}