{"id":35,"date":"2016-01-21T21:06:19","date_gmt":"2016-01-21T20:06:19","guid":{"rendered":"http:\/\/gitedecouesle.fr\/?page_id=35"},"modified":"2020-07-19T17:00:30","modified_gmt":"2020-07-19T16:00:30","slug":"decouverte","status":"publish","type":"page","link":"http:\/\/gitedecouesle.fr\/index.php\/le-gite\/decouverte\/","title":{"rendered":"D\u00e9couvertes"},"content":{"rendered":"<p><em><strong>Agglom\u00e9rations proches <\/strong><\/em><br \/>\nCommerces de proximit\u00e9 \u00e0 Allaire \u00e0 500m<br \/>\nRedon \u00e0 10km : march\u00e9s, gare SNCF, piscine collective, cin\u00e9ma (10mn)<\/p>\n<p><em><strong>Activit\u00e9s de plein air \u00e0 100m<\/strong><\/em><br \/>\nAire de jeux pour enfants, parcours accrobranche (6-12ans)<br \/>\nAire de pique-nique<br \/>\nParcours sant\u00e9<br \/>\nP\u00eache dans les \u00e9tangs de Couesl\u00e9 (carte de p\u00eache obligatoire)<\/p>\n<p><em><strong>D\u00e9couvertes de proximit\u00e9<\/strong><\/em><br \/>\n<a href=\"http:\/\/www.tourisme-pays-redon.com\/\" target=\"_blank\" rel=\"noopener noreferrer\">Redon :<\/a> abbaye, monast\u00e8re des Calvairiennes&#8230;<br \/>\nSaint Jacut les Pins : <a href=\"http:\/\/www.tropical-parc.com\/\" target=\"_blank\" rel=\"noopener noreferrer\">Tropical parc (10mn)<\/a><br \/>\nMalansac : <a href=\"http:\/\/www.prehistoire.com\/\" target=\"_blank\" rel=\"noopener noreferrer\">parc de la Pr\u00e9histoire<\/a> (10mn)<br \/>\n<a href=\"http:\/\/www.rochefortenterre-tourisme.bzh\/\" target=\"_blank\" rel=\"noopener noreferrer\">Rochefort en Terre :<\/a> petite Cit\u00e9 de caract\u00e8re (15mn)<br \/>\n<a href=\"http:\/\/www.golfdecaden.com\/\" target=\"_blank\" rel=\"noopener noreferrer\">Caden : golf (10mn)<\/a><\/p>\n<p><em><strong>D\u00e9couvertes dans la r\u00e9gion<\/strong><\/em><br \/>\nRives de la Vilaine : <a href=\"http:\/\/www.tourisme-arc-sud-bretagne.com\/\" target=\"_blank\" rel=\"noopener noreferrer\">la Roche Bernard<\/a>, <a href=\"http:\/\/www.beganne.fr\/www.beganne.fr\/port-de-foleux.html\/Port%20de%20Foleux%20-%20commune%20de%20B%C3%A9ganne\" target=\"_blank\" rel=\"noopener noreferrer\">Port de Foleux<\/a><br \/>\n<a href=\"http:\/\/www.tourisme-pays-redon.com\/par-les-sentiers-et-chemins\/les-grands-itineraires-0\/canal-de-nantes-brest\" target=\"_blank\" rel=\"noopener noreferrer\">Canal de Nantes \u00e0 Brest<\/a><br \/>\n<a href=\"http:\/\/www.tourisme-pays-redon.com\/pays-de-redon\/canal-de-nantes-brest-manche-ocean\/ile-aux-pies-perle-du-canal-de-nantes-brest\" target=\"_blank\" rel=\"noopener noreferrer\">L\u2019ile aux Pies<\/a> dans la basse vall\u00e9e de l\u2019Oust : escalade, accrobranche, cano\u00e9<br \/>\n<a href=\"http:\/\/www.paysdelagacilly.com\/\" target=\"_blank\" rel=\"noopener noreferrer\">La Gacilly<\/a> : cit\u00e9 d\u2019artisans d\u2019art (20mn)<br \/>\nSites m\u00e9galithiques de St Just (20mn) et de Carnac (60mn)<br \/>\nPlages de Bretagne et p\u00eache sur les rochers (30mn)<br \/>\nGolfe du Morbihan, ch\u00e2teau de Suscinio (40mn)<br \/>\nParc de la Bri\u00e8re : Gu\u00e9rande et ses marais salants (40mn)<br \/>\nVannes : jardins, remparts et port\u2026 (45mn)<br \/>\n<a href=\"http:\/\/www.branfere.com\/visite-parc-animalier-botanique-2-146.html\">Parc animalier de branf\u00e9r\u00e9 (30mn)<\/a><br \/>\nNombreux circuits de randonn\u00e9es<\/p>\n","protected":false},"excerpt":{"rendered":"<p>Agglom\u00e9rations proches Commerces de proximit\u00e9 \u00e0 Allaire \u00e0 500m Redon \u00e0 10km : march\u00e9s, gare SNCF, piscine collective, cin\u00e9ma (10mn) Activit\u00e9s de plein air \u00e0 100m Aire de jeux pour enfants, parcours accrobranche (6-12ans) Aire de pique-nique Parcours sant\u00e9 P\u00eache dans les \u00e9tangs de Couesl\u00e9 (carte de p\u00eache obligatoire) D\u00e9couvertes\u2026<\/p>\n<p> <a class=\"continue-reading-link\" href=\"http:\/\/gitedecouesle.fr\/index.php\/le-gite\/decouverte\/\"><span>Continue reading<\/span><i class=\"crycon-right-dir\"><\/i><\/a> <\/p>\n","protected":false},"author":2,"featured_media":0,"parent":7,"menu_order":0,"comment_status":"closed","ping_status":"closed","template":"","meta":{"footnotes":""},"class_list":["post-35","page","type-page","status-publish","hentry"],"yoast_head":"<!-- This site is optimized with the Yoast SEO plugin v27.5 - https:\/\/yoast.com\/product\/yoast-seo-wordpress\/ -->\n<title>D\u00e9couvertes - G\u00eete de Couesl\u00e9<\/title>\n<meta name=\"robots\" content=\"index, follow, max-snippet:-1, max-image-preview:large, max-video-preview:-1\" \/>\n<link rel=\"canonical\" href=\"http:\/\/gitedecouesle.fr\/index.php\/le-gite\/decouverte\/\" \/>\n<meta property=\"og:locale\" content=\"fr_FR\" \/>\n<meta property=\"og:type\" content=\"article\" \/>\n<meta property=\"og:title\" content=\"D\u00e9couvertes - G\u00eete de Couesl\u00e9\" \/>\n<meta property=\"og:description\" content=\"Agglom\u00e9rations proches Commerces de proximit\u00e9 \u00e0 Allaire \u00e0 500m Redon \u00e0 10km : march\u00e9s, gare SNCF, piscine collective, cin\u00e9ma (10mn) Activit\u00e9s de plein air \u00e0 100m Aire de jeux pour enfants, parcours accrobranche (6-12ans) Aire de pique-nique Parcours sant\u00e9 P\u00eache dans les \u00e9tangs de Couesl\u00e9 (carte de p\u00eache obligatoire) D\u00e9couvertes\u2026 Continue reading\" \/>\n<meta property=\"og:url\" content=\"http:\/\/gitedecouesle.fr\/index.php\/le-gite\/decouverte\/\" \/>\n<meta property=\"og:site_name\" content=\"G\u00eete de Couesl\u00e9\" \/>\n<meta property=\"article:modified_time\" content=\"2020-07-19T16:00:30+00:00\" \/>\n<meta name=\"twitter:card\" content=\"summary_large_image\" \/>\n<meta name=\"twitter:label1\" content=\"Dur\u00e9e de lecture estim\u00e9e\" \/>\n\t<meta name=\"twitter:data1\" content=\"1 minute\" \/>\n<script type=\"application\/ld+json\" class=\"yoast-schema-graph\">{\"@context\":\"https:\\\/\\\/schema.org\",\"@graph\":[{\"@type\":\"WebPage\",\"@id\":\"http:\\\/\\\/gitedecouesle.fr\\\/index.php\\\/le-gite\\\/decouverte\\\/\",\"url\":\"http:\\\/\\\/gitedecouesle.fr\\\/index.php\\\/le-gite\\\/decouverte\\\/\",\"name\":\"D\u00e9couvertes - G\u00eete de Couesl\u00e9\",\"isPartOf\":{\"@id\":\"http:\\\/\\\/gitedecouesle.fr\\\/#website\"},\"datePublished\":\"2016-01-21T20:06:19+00:00\",\"dateModified\":\"2020-07-19T16:00:30+00:00\",\"breadcrumb\":{\"@id\":\"http:\\\/\\\/gitedecouesle.fr\\\/index.php\\\/le-gite\\\/decouverte\\\/#breadcrumb\"},\"inLanguage\":\"fr-FR\",\"potentialAction\":[{\"@type\":\"ReadAction\",\"target\":[\"http:\\\/\\\/gitedecouesle.fr\\\/index.php\\\/le-gite\\\/decouverte\\\/\"]}]},{\"@type\":\"BreadcrumbList\",\"@id\":\"http:\\\/\\\/gitedecouesle.fr\\\/index.php\\\/le-gite\\\/decouverte\\\/#breadcrumb\",\"itemListElement\":[{\"@type\":\"ListItem\",\"position\":1,\"name\":\"Accueil\",\"item\":\"http:\\\/\\\/gitedecouesle.fr\\\/\"},{\"@type\":\"ListItem\",\"position\":2,\"name\":\"Le g\u00eete\",\"item\":\"http:\\\/\\\/gitedecouesle.fr\\\/index.php\\\/le-gite\\\/\"},{\"@type\":\"ListItem\",\"position\":3,\"name\":\"D\u00e9couvertes\"}]},{\"@type\":\"WebSite\",\"@id\":\"http:\\\/\\\/gitedecouesle.fr\\\/#website\",\"url\":\"http:\\\/\\\/gitedecouesle.fr\\\/\",\"name\":\"G\u00eete de Couesl\u00e9\",\"description\":\"Un site reposant au pays de Redon\",\"potentialAction\":[{\"@type\":\"SearchAction\",\"target\":{\"@type\":\"EntryPoint\",\"urlTemplate\":\"http:\\\/\\\/gitedecouesle.fr\\\/?s={search_term_string}\"},\"query-input\":{\"@type\":\"PropertyValueSpecification\",\"valueRequired\":true,\"valueName\":\"search_term_string\"}}],\"inLanguage\":\"fr-FR\"}]}<\/script>\n<!-- \/ Yoast SEO plugin. -->","yoast_head_json":{"title":"D\u00e9couvertes - G\u00eete de Couesl\u00e9","robots":{"index":"index","follow":"follow","max-snippet":"max-snippet:-1","max-image-preview":"max-image-preview:large","max-video-preview":"max-video-preview:-1"},"canonical":"http:\/\/gitedecouesle.fr\/index.php\/le-gite\/decouverte\/","og_locale":"fr_FR","og_type":"article","og_title":"D\u00e9couvertes - G\u00eete de Couesl\u00e9","og_description":"Agglom\u00e9rations proches Commerces de proximit\u00e9 \u00e0 Allaire \u00e0 500m Redon \u00e0 10km : march\u00e9s, gare SNCF, piscine collective, cin\u00e9ma (10mn) Activit\u00e9s de plein air \u00e0 100m Aire de jeux pour enfants, parcours accrobranche (6-12ans) Aire de pique-nique Parcours sant\u00e9 P\u00eache dans les \u00e9tangs de Couesl\u00e9 (carte de p\u00eache obligatoire) D\u00e9couvertes\u2026 Continue reading","og_url":"http:\/\/gitedecouesle.fr\/index.php\/le-gite\/decouverte\/","og_site_name":"G\u00eete de Couesl\u00e9","article_modified_time":"2020-07-19T16:00:30+00:00","twitter_card":"summary_large_image","twitter_misc":{"Dur\u00e9e de lecture estim\u00e9e":"1 minute"},"schema":{"@context":"https:\/\/schema.org","@graph":[{"@type":"WebPage","@id":"http:\/\/gitedecouesle.fr\/index.php\/le-gite\/decouverte\/","url":"http:\/\/gitedecouesle.fr\/index.php\/le-gite\/decouverte\/","name":"D\u00e9couvertes - G\u00eete de Couesl\u00e9","isPartOf":{"@id":"http:\/\/gitedecouesle.fr\/#website"},"datePublished":"2016-01-21T20:06:19+00:00","dateModified":"2020-07-19T16:00:30+00:00","breadcrumb":{"@id":"http:\/\/gitedecouesle.fr\/index.php\/le-gite\/decouverte\/#breadcrumb"},"inLanguage":"fr-FR","potentialAction":[{"@type":"ReadAction","target":["http:\/\/gitedecouesle.fr\/index.php\/le-gite\/decouverte\/"]}]},{"@type":"BreadcrumbList","@id":"http:\/\/gitedecouesle.fr\/index.php\/le-gite\/decouverte\/#breadcrumb","itemListElement":[{"@type":"ListItem","position":1,"name":"Accueil","item":"http:\/\/gitedecouesle.fr\/"},{"@type":"ListItem","position":2,"name":"Le g\u00eete","item":"http:\/\/gitedecouesle.fr\/index.php\/le-gite\/"},{"@type":"ListItem","position":3,"name":"D\u00e9couvertes"}]},{"@type":"WebSite","@id":"http:\/\/gitedecouesle.fr\/#website","url":"http:\/\/gitedecouesle.fr\/","name":"G\u00eete de Couesl\u00e9","description":"Un site reposant au pays de Redon","potentialAction":[{"@type":"SearchAction","target":{"@type":"EntryPoint","urlTemplate":"http:\/\/gitedecouesle.fr\/?s={search_term_string}"},"query-input":{"@type":"PropertyValueSpecification","valueRequired":true,"valueName":"search_term_string"}}],"inLanguage":"fr-FR"}]}},"jetpack_sharing_enabled":true,"jetpack_shortlink":"https:\/\/wp.me\/P6X4BW-z","jetpack-related-posts":[],"_links":{"self":[{"href":"http:\/\/gitedecouesle.fr\/index.php\/wp-json\/wp\/v2\/pages\/35","targetHints":{"allow":["GET"]}}],"collection":[{"href":"http:\/\/gitedecouesle.fr\/index.php\/wp-json\/wp\/v2\/pages"}],"about":[{"href":"http:\/\/gitedecouesle.fr\/index.php\/wp-json\/wp\/v2\/types\/page"}],"author":[{"embeddable":true,"href":"http:\/\/gitedecouesle.fr\/index.php\/wp-json\/wp\/v2\/users\/2"}],"replies":[{"embeddable":true,"href":"http:\/\/gitedecouesle.fr\/index.php\/wp-json\/wp\/v2\/comments?post=35"}],"version-history":[{"count":16,"href":"http:\/\/gitedecouesle.fr\/index.php\/wp-json\/wp\/v2\/pages\/35\/revisions"}],"predecessor-version":[{"id":269,"href":"http:\/\/gitedecouesle.fr\/index.php\/wp-json\/wp\/v2\/pages\/35\/revisions\/269"}],"up":[{"embeddable":true,"href":"http:\/\/gitedecouesle.fr\/index.php\/wp-json\/wp\/v2\/pages\/7"}],"wp:attachment":[{"href":"http:\/\/gitedecouesle.fr\/index.php\/wp-json\/wp\/v2\/media?parent=35"}],"curies":[{"name":"wp","href":"https:\/\/api.w.org\/{rel}","templated":true}]}}